{"id":1870,"date":"2022-05-20T19:49:22","date_gmt":"2022-05-20T19:49:22","guid":{"rendered":"https:\/\/cliffordbeerschp.org\/contactenos\/"},"modified":"2022-05-25T20:12:22","modified_gmt":"2022-05-25T20:12:22","slug":"contactenos","status":"publish","type":"page","link":"https:\/\/cliffordbeerschp.org\/es\/contactenos\/","title":{"rendered":"CONT\u00c1CTENOS"},"content":{"rendered":"\n<p>\u00danete a nuestra lista de correos<\/p>\n\n<p>\u00danase a nuestra lista de correo y mant\u00e9ngase actualizado sobre nuestros programas y eventos.<\/p>\n\n<p>Socios comunitarios de salud de Clifford Beers<\/p>\n\n<p>Calle Edwards 93<\/p>\n\n<p>New Haven, CT 06511<\/p>\n\n<p>Tel\u00e9fono: (203) 777-8648<\/p>\n","protected":false},"excerpt":{"rendered":"<p>\u00danete a nuestra lista de correos \u00danase a nuestra lista de correo y mant\u00e9ngase actualizado sobre nuestros programas y eventos. Socios comunitarios de salud de Clifford Beers Calle Edwards 93 New Haven, CT 06511 Tel\u00e9fono: (203) 777-8648<\/p>\n","protected":false},"author":2,"featured_media":0,"parent":0,"menu_order":0,"comment_status":"closed","ping_status":"closed","template":"custom-pages.php","meta":{"_acf_changed":false,"footnotes":""},"class_list":["post-1870","page","type-page","status-publish","hentry"],"acf":[],"yoast_head":"<!-- This site is optimized with the Yoast SEO plugin v23.0 - https:\/\/yoast.com\/wordpress\/plugins\/seo\/ -->\n<title>Comun\u00edquese con los socios comunitarios de salud de Clifford Beers<\/title>\n<meta name=\"description\" content=\"Comun\u00edquese con nosotros si tiene alguna pregunta sobre nuestros servicios administrados, defensa de la comunidad o servicios de capacitaci\u00f3n y consulta.\" \/>\n<meta name=\"robots\" content=\"index, follow, max-snippet:-1, max-image-preview:large, max-video-preview:-1\" \/>\n<link rel=\"canonical\" href=\"https:\/\/cliffordbeerschp.org\/es\/contactenos\/\" \/>\n<meta property=\"og:locale\" content=\"es_ES\" \/>\n<meta property=\"og:type\" content=\"article\" \/>\n<meta property=\"og:title\" content=\"Comun\u00edquese con los socios comunitarios de salud de Clifford Beers\" \/>\n<meta property=\"og:description\" content=\"Comun\u00edquese con nosotros si tiene alguna pregunta sobre nuestros servicios administrados, defensa de la comunidad o servicios de capacitaci\u00f3n y consulta.\" \/>\n<meta property=\"og:url\" content=\"https:\/\/cliffordbeerschp.org\/es\/contactenos\/\" \/>\n<meta property=\"og:site_name\" content=\"Clifford Beers Community Health Partners\" \/>\n<meta property=\"article:modified_time\" content=\"2022-05-25T20:12:22+00:00\" \/>\n<meta name=\"twitter:card\" content=\"summary_large_image\" \/>\n<meta name=\"twitter:label1\" content=\"Tiempo de lectura\" \/>\n\t<meta name=\"twitter:data1\" content=\"1 minuto\" \/>\n<script type=\"application\/ld+json\" class=\"yoast-schema-graph\">{\"@context\":\"https:\/\/schema.org\",\"@graph\":[{\"@type\":\"WebPage\",\"@id\":\"https:\/\/cliffordbeerschp.org\/es\/contactenos\/\",\"url\":\"https:\/\/cliffordbeerschp.org\/es\/contactenos\/\",\"name\":\"Comun\u00edquese con los socios comunitarios de salud de Clifford Beers\",\"isPartOf\":{\"@id\":\"https:\/\/cliffordbeerschp.org\/es\/#website\"},\"datePublished\":\"2022-05-20T19:49:22+00:00\",\"dateModified\":\"2022-05-25T20:12:22+00:00\",\"description\":\"Comun\u00edquese con nosotros si tiene alguna pregunta sobre nuestros servicios administrados, defensa de la comunidad o servicios de capacitaci\u00f3n y consulta.\",\"inLanguage\":\"es\",\"potentialAction\":[{\"@type\":\"ReadAction\",\"target\":[\"https:\/\/cliffordbeerschp.org\/es\/contactenos\/\"]}]},{\"@type\":\"WebSite\",\"@id\":\"https:\/\/cliffordbeerschp.org\/es\/#website\",\"url\":\"https:\/\/cliffordbeerschp.org\/es\/\",\"name\":\"Clifford Beers Community Health Partners\",\"description\":\"\",\"publisher\":{\"@id\":\"https:\/\/cliffordbeerschp.org\/es\/#organization\"},\"potentialAction\":[{\"@type\":\"SearchAction\",\"target\":{\"@type\":\"EntryPoint\",\"urlTemplate\":\"https:\/\/cliffordbeerschp.org\/es\/?s={search_term_string}\"},\"query-input\":\"required name=search_term_string\"}],\"inLanguage\":\"es\"},{\"@type\":\"Organization\",\"@id\":\"https:\/\/cliffordbeerschp.org\/es\/#organization\",\"name\":\"Clifford Beers Community Health Partners\",\"url\":\"https:\/\/cliffordbeerschp.org\/es\/\",\"logo\":{\"@type\":\"ImageObject\",\"inLanguage\":\"es\",\"@id\":\"https:\/\/cliffordbeerschp.org\/es\/#\/schema\/logo\/image\/\",\"url\":\"https:\/\/cliffordbeerschp.org\/wp-content\/uploads\/2023\/08\/CBCHP_LogoHorizontal.png\",\"contentUrl\":\"https:\/\/cliffordbeerschp.org\/wp-content\/uploads\/2023\/08\/CBCHP_LogoHorizontal.png\",\"width\":1063,\"height\":317,\"caption\":\"Clifford Beers Community Health Partners\"},\"image\":{\"@id\":\"https:\/\/cliffordbeerschp.org\/es\/#\/schema\/logo\/image\/\"}}]}<\/script>\n<!-- \/ Yoast SEO plugin. -->","yoast_head_json":{"title":"Comun\u00edquese con los socios comunitarios de salud de Clifford Beers","description":"Comun\u00edquese con nosotros si tiene alguna pregunta sobre nuestros servicios administrados, defensa de la comunidad o servicios de capacitaci\u00f3n y consulta.","robots":{"index":"index","follow":"follow","max-snippet":"max-snippet:-1","max-image-preview":"max-image-preview:large","max-video-preview":"max-video-preview:-1"},"canonical":"https:\/\/cliffordbeerschp.org\/es\/contactenos\/","og_locale":"es_ES","og_type":"article","og_title":"Comun\u00edquese con los socios comunitarios de salud de Clifford Beers","og_description":"Comun\u00edquese con nosotros si tiene alguna pregunta sobre nuestros servicios administrados, defensa de la comunidad o servicios de capacitaci\u00f3n y consulta.","og_url":"https:\/\/cliffordbeerschp.org\/es\/contactenos\/","og_site_name":"Clifford Beers Community Health Partners","article_modified_time":"2022-05-25T20:12:22+00:00","twitter_card":"summary_large_image","twitter_misc":{"Tiempo de lectura":"1 minuto"},"schema":{"@context":"https:\/\/schema.org","@graph":[{"@type":"WebPage","@id":"https:\/\/cliffordbeerschp.org\/es\/contactenos\/","url":"https:\/\/cliffordbeerschp.org\/es\/contactenos\/","name":"Comun\u00edquese con los socios comunitarios de salud de Clifford Beers","isPartOf":{"@id":"https:\/\/cliffordbeerschp.org\/es\/#website"},"datePublished":"2022-05-20T19:49:22+00:00","dateModified":"2022-05-25T20:12:22+00:00","description":"Comun\u00edquese con nosotros si tiene alguna pregunta sobre nuestros servicios administrados, defensa de la comunidad o servicios de capacitaci\u00f3n y consulta.","inLanguage":"es","potentialAction":[{"@type":"ReadAction","target":["https:\/\/cliffordbeerschp.org\/es\/contactenos\/"]}]},{"@type":"WebSite","@id":"https:\/\/cliffordbeerschp.org\/es\/#website","url":"https:\/\/cliffordbeerschp.org\/es\/","name":"Clifford Beers Community Health Partners","description":"","publisher":{"@id":"https:\/\/cliffordbeerschp.org\/es\/#organization"},"potentialAction":[{"@type":"SearchAction","target":{"@type":"EntryPoint","urlTemplate":"https:\/\/cliffordbeerschp.org\/es\/?s={search_term_string}"},"query-input":"required name=search_term_string"}],"inLanguage":"es"},{"@type":"Organization","@id":"https:\/\/cliffordbeerschp.org\/es\/#organization","name":"Clifford Beers Community Health Partners","url":"https:\/\/cliffordbeerschp.org\/es\/","logo":{"@type":"ImageObject","inLanguage":"es","@id":"https:\/\/cliffordbeerschp.org\/es\/#\/schema\/logo\/image\/","url":"https:\/\/cliffordbeerschp.org\/wp-content\/uploads\/2023\/08\/CBCHP_LogoHorizontal.png","contentUrl":"https:\/\/cliffordbeerschp.org\/wp-content\/uploads\/2023\/08\/CBCHP_LogoHorizontal.png","width":1063,"height":317,"caption":"Clifford Beers Community Health Partners"},"image":{"@id":"https:\/\/cliffordbeerschp.org\/es\/#\/schema\/logo\/image\/"}}]}},"_links":{"self":[{"href":"https:\/\/cliffordbeerschp.org\/es\/wp-json\/wp\/v2\/pages\/1870","targetHints":{"allow":["GET"]}}],"collection":[{"href":"https:\/\/cliffordbeerschp.org\/es\/wp-json\/wp\/v2\/pages"}],"about":[{"href":"https:\/\/cliffordbeerschp.org\/es\/wp-json\/wp\/v2\/types\/page"}],"author":[{"embeddable":true,"href":"https:\/\/cliffordbeerschp.org\/es\/wp-json\/wp\/v2\/users\/2"}],"replies":[{"embeddable":true,"href":"https:\/\/cliffordbeerschp.org\/es\/wp-json\/wp\/v2\/comments?post=1870"}],"version-history":[{"count":0,"href":"https:\/\/cliffordbeerschp.org\/es\/wp-json\/wp\/v2\/pages\/1870\/revisions"}],"wp:attachment":[{"href":"https:\/\/cliffordbeerschp.org\/es\/wp-json\/wp\/v2\/media?parent=1870"}],"curies":[{"name":"wp","href":"https:\/\/api.w.org\/{rel}","templated":true}]}}